{"id":44254,"date":"2025-11-28T13:45:49","date_gmt":"2025-11-28T06:45:49","guid":{"rendered":"https:\/\/saigonbiz.com\/vn\/?page_id=44254"},"modified":"2026-03-13T08:04:47","modified_gmt":"2026-03-13T01:04:47","slug":"ve-chung-toi-2","status":"publish","type":"page","link":"https:\/\/saigonbiz.com\/vn\/ve-chung-toi-2\/","title":{"rendered":"V\u1ec1 ch\u00fang t\u00f4i"},"content":{"rendered":"\t<div id=\"text-3668164463\" class=\"text\">\n\t\t\n<p style=\"text-align: center;\"><strong>SaigonBiz l\u00e0 c\u1ed9ng \u0111\u1ed3ng ki\u1ebfn th\u1ee9c, quy t\u1ee5 h\u00e0ng lo\u1ea1t c\u00e2y b\u00fat ch\u1ea5t l\u01b0\u1ee3ng, trong \u0111\u00f3 n\u1ed5i b\u1eadt l\u00e0 4 nh\u00e0 b\u00e1o, bi\u00ean t\u1eadp vi\u00ean, ph\u00f3ng vi\u00ean k\u1ef3 c\u1ef1u v\u1edbi nhi\u1ec1u n\u0103m kinh nghi\u1ec7m t\u00e1c nghi\u1ec7p t\u1ea1i TP.HCM tr\u00ean c\u00e1c l\u0129nh v\u1ef1c kinh t\u1ebf, \u0111\u1eddi s\u1ed1ng, du l\u1ecbch, v\u0103n h\u00f3a v\u00e0 c\u00f4ng ngh\u1ec7&#8230;<\/strong><\/p>\n<p style=\"text-align: center;\">\n<strong>V\u1edbi s\u1ee9 m\u1ec7nh \u201cN\u00e2ng t\u1ea7m th\u01b0\u01a1ng hi\u1ec7u doanh nghi\u1ec7p \u2013 doanh nh\u00e2n\u201d, SaigonBiz kh\u00f4ng ch\u1ec9 mang \u0111\u1ebfn nh\u1eefng b\u00e0i vi\u1ebft s\u00e2u s\u1eafc, c\u1eadp nh\u1eadt xu h\u01b0\u1edbng nhanh nh\u1ea1y, m\u00e0 c\u00f2n l\u00e0 c\u1ea7u n\u1ed1i \u0111\u01b0a c\u00e2u chuy\u1ec7n th\u00e0nh c\u00f4ng, gi\u00e1 tr\u1ecb c\u1ed1t l\u00f5i v\u00e0 t\u1ea7m nh\u00ecn chi\u1ebfn l\u01b0\u1ee3c c\u1ee7a c\u00e1c doanh nghi\u1ec7p Vi\u1ec7t \u0111\u1ebfn \u0111\u00fang \u0111\u1ed1i t\u01b0\u1ee3ng \u0111\u1ed9c gi\u1ea3 m\u1ee5c ti\u00eau.<\/strong><\/p>\n<p style=\"text-align: center;\">\n<strong>H\u00e3y \u0111\u1ed3ng h\u00e0nh c\u00f9ng SaigonBiz \u0111\u1ec3 th\u01b0\u01a1ng hi\u1ec7u c\u1ee7a b\u1ea1n \u0111\u01b0\u1ee3c k\u1ec3 \u0111\u00fang, k\u1ec3 hay v\u00e0 t\u1ecfa s\u00e1ng b\u1ec1n v\u1eefng!<\/strong><\/p>\n\t\t\n<style>\n#text-3668164463 {\n  font-size: 1.35rem;\n  line-height: 1.95;\n  text-align: left;\n  color: #1e73be;\n}\n#text-3668164463 > * {\n  color: #1e73be;\n}\n<\/style>\n\t<\/div>\n\t\n<div class=\"row\"  id=\"row-1051354694\">\n\n\t<div id=\"col-210898437\" class=\"col medium-3 small-12 large-3\"  >\n\t\t\t\t<div class=\"col-inner\"  >\n\t\t\t\n\t\t\t\n\t\t<\/div>\n\t\t\t\t\t<\/div>\n\n\t\n\n\t<div id=\"col-563353169\" class=\"col medium-6 small-12 large-6\"  >\n\t\t\t\t<div class=\"col-inner\"  >\n\t\t\t\n\t\t\t\n\t<div class=\"img has-hover x md-x lg-x y md-y lg-y\" id=\"image_438799996\">\n\t\t\t\t\t\t\t\t<div class=\"img-inner dark\" >\n\t\t\t<img decoding=\"async\" width=\"683\" height=\"1024\" src=\"https:\/\/saigonbiz.com\/vn\/wp-content\/uploads\/2026\/03\/saigonbiz-media-journal--683x1024.png\" class=\"attachment-large size-large\" alt=\"\" srcset=\"https:\/\/saigonbiz.com\/vn\/wp-content\/uploads\/2026\/03\/saigonbiz-media-journal--683x1024.png 683w, https:\/\/saigonbiz.com\/vn\/wp-content\/uploads\/2026\/03\/saigonbiz-media-journal--200x300.png 200w, https:\/\/saigonbiz.com\/vn\/wp-content\/uploads\/2026\/03\/saigonbiz-media-journal--768x1152.png 768w, https:\/\/saigonbiz.com\/vn\/wp-content\/uploads\/2026\/03\/saigonbiz-media-journal-.png 800w\" sizes=\"(max-width: 683px) 100vw, 683px\" \/>\t\t\t\t\t\t\n\t\t\t\t\t<\/div>\n\t\t\t\t\t\t\t\t\n<style>\n#image_438799996 {\n  width: 100%;\n}\n<\/style>\n\t<\/div>\n\t\n\t\t<\/div>\n\t\t\t\t\t<\/div>\n\n\t\n\n\t<div id=\"col-312364892\" class=\"col medium-3 small-12 large-3\"  >\n\t\t\t\t<div class=\"col-inner\"  >\n\t\t\t\n\t\t\t\n\t\t<\/div>\n\t\t\t\t\t<\/div>\n\n\t\n<\/div>\n","protected":false},"excerpt":{"rendered":"","protected":false},"author":3918,"featured_media":47255,"parent":0,"menu_order":0,"comment_status":"closed","ping_status":"closed","template":"","meta":{"om_disable_all_campaigns":false,"_monsterinsights_skip_tracking":false,"_monsterinsights_sitenote_active":false,"_monsterinsights_sitenote_note":"","_monsterinsights_sitenote_category":0,"footnotes":""},"class_list":["post-44254","page","type-page","status-publish","has-post-thumbnail","hentry"],"aioseo_notices":[],"yoast_head":"<!-- This site is optimized with the Yoast SEO Premium plugin v21.6 (Yoast SEO v27.2) - https:\/\/yoast.com\/product\/yoast-seo-premium-wordpress\/ -->\n<title>V\u1ec1 ch\u00fang t\u00f4i - C\u1ed9ng \u0111\u1ed3ng SaigonBiz<\/title>\n<meta name=\"robots\" content=\"index, follow, max-snippet:-1, max-image-preview:large, max-video-preview:-1\" \/>\n<link rel=\"canonical\" href=\"https:\/\/saigonbiz.com\/vn\/ve-chung-toi-2\/\" \/>\n<meta property=\"og:locale\" content=\"vi_VN\" \/>\n<meta property=\"og:type\" content=\"article\" \/>\n<meta property=\"og:title\" content=\"V\u1ec1 ch\u00fang t\u00f4i\" \/>\n<meta property=\"og:url\" content=\"https:\/\/saigonbiz.com\/vn\/ve-chung-toi-2\/\" \/>\n<meta property=\"og:site_name\" content=\"C\u1ed9ng \u0111\u1ed3ng SaigonBiz\" \/>\n<meta property=\"article:publisher\" content=\"https:\/\/www.facebook.com\/SaigonbizGroup\" \/>\n<meta property=\"article:modified_time\" content=\"2026-03-13T01:04:47+00:00\" \/>\n<meta name=\"twitter:card\" content=\"summary_large_image\" \/>\n<meta name=\"twitter:label1\" content=\"\u01af\u1edbc t\u00ednh th\u1eddi gian \u0111\u1ecdc\" \/>\n\t<meta name=\"twitter:data1\" content=\"1 ph\u00fat\" \/>\n<script type=\"application\/ld+json\" class=\"yoast-schema-graph\">{\"@context\":\"https:\/\/schema.org\",\"@graph\":[{\"@type\":\"WebPage\",\"@id\":\"https:\/\/saigonbiz.com\/vn\/ve-chung-toi-2\/\",\"url\":\"https:\/\/saigonbiz.com\/vn\/ve-chung-toi-2\/\",\"name\":\"V\u1ec1 ch\u00fang t\u00f4i - C\u1ed9ng \u0111\u1ed3ng SaigonBiz\",\"isPartOf\":{\"@id\":\"https:\/\/saigonbiz.com\/vn\/#website\"},\"primaryImageOfPage\":{\"@id\":\"https:\/\/saigonbiz.com\/vn\/ve-chung-toi-2\/#primaryimage\"},\"image\":{\"@id\":\"https:\/\/saigonbiz.com\/vn\/ve-chung-toi-2\/#primaryimage\"},\"thumbnailUrl\":\"https:\/\/saigonbiz.com\/vn\/wp-content\/uploads\/2026\/04\/saigonbiz-media-kit-4.jpg\",\"datePublished\":\"2025-11-28T06:45:49+00:00\",\"dateModified\":\"2026-03-13T01:04:47+00:00\",\"breadcrumb\":{\"@id\":\"https:\/\/saigonbiz.com\/vn\/ve-chung-toi-2\/#breadcrumb\"},\"inLanguage\":\"vi\",\"potentialAction\":[{\"@type\":\"ReadAction\",\"target\":[\"https:\/\/saigonbiz.com\/vn\/ve-chung-toi-2\/\"]}]},{\"@type\":\"ImageObject\",\"inLanguage\":\"vi\",\"@id\":\"https:\/\/saigonbiz.com\/vn\/ve-chung-toi-2\/#primaryimage\",\"url\":\"https:\/\/saigonbiz.com\/vn\/wp-content\/uploads\/2026\/04\/saigonbiz-media-kit-4.jpg\",\"contentUrl\":\"https:\/\/saigonbiz.com\/vn\/wp-content\/uploads\/2026\/04\/saigonbiz-media-kit-4.jpg\",\"width\":1075,\"height\":716},{\"@type\":\"BreadcrumbList\",\"@id\":\"https:\/\/saigonbiz.com\/vn\/ve-chung-toi-2\/#breadcrumb\",\"itemListElement\":[{\"@type\":\"ListItem\",\"position\":1,\"name\":\"Trang ch\u1ee7\",\"item\":\"https:\/\/saigonbiz.com\/vn\/\"},{\"@type\":\"ListItem\",\"position\":2,\"name\":\"V\u1ec1 ch\u00fang t\u00f4i\"}]},{\"@type\":\"WebSite\",\"@id\":\"https:\/\/saigonbiz.com\/vn\/#website\",\"url\":\"https:\/\/saigonbiz.com\/vn\/\",\"name\":\"C\u1ed9ng \u0111\u1ed3ng SaigonBiz\",\"description\":\"\",\"publisher\":{\"@id\":\"https:\/\/saigonbiz.com\/vn\/#organization\"},\"potentialAction\":[{\"@type\":\"SearchAction\",\"target\":{\"@type\":\"EntryPoint\",\"urlTemplate\":\"https:\/\/saigonbiz.com\/vn\/?s={search_term_string}\"},\"query-input\":{\"@type\":\"PropertyValueSpecification\",\"valueRequired\":true,\"valueName\":\"search_term_string\"}}],\"inLanguage\":\"vi\"},{\"@type\":\"Organization\",\"@id\":\"https:\/\/saigonbiz.com\/vn\/#organization\",\"name\":\"C\u1ed9ng \u0111\u1ed3ng SaigonBiz\",\"url\":\"https:\/\/saigonbiz.com\/vn\/\",\"logo\":{\"@type\":\"ImageObject\",\"inLanguage\":\"vi\",\"@id\":\"https:\/\/saigonbiz.com\/vn\/#\/schema\/logo\/image\/\",\"url\":\"https:\/\/saigonbiz.com\/vn\/wp-content\/uploads\/2025\/11\/cropped-c2adea16-1c71-4315-8801-803a8d237e2a_removalai_preview.png\",\"contentUrl\":\"https:\/\/saigonbiz.com\/vn\/wp-content\/uploads\/2025\/11\/cropped-c2adea16-1c71-4315-8801-803a8d237e2a_removalai_preview.png\",\"width\":512,\"height\":512,\"caption\":\"C\u1ed9ng \u0111\u1ed3ng SaigonBiz\"},\"image\":{\"@id\":\"https:\/\/saigonbiz.com\/vn\/#\/schema\/logo\/image\/\"},\"sameAs\":[\"https:\/\/www.facebook.com\/SaigonbizGroup\"]}]}<\/script>\n<!-- \/ Yoast SEO Premium plugin. -->","yoast_head_json":{"title":"V\u1ec1 ch\u00fang t\u00f4i - C\u1ed9ng \u0111\u1ed3ng SaigonBiz","robots":{"index":"index","follow":"follow","max-snippet":"max-snippet:-1","max-image-preview":"max-image-preview:large","max-video-preview":"max-video-preview:-1"},"canonical":"https:\/\/saigonbiz.com\/vn\/ve-chung-toi-2\/","og_locale":"vi_VN","og_type":"article","og_title":"V\u1ec1 ch\u00fang t\u00f4i","og_url":"https:\/\/saigonbiz.com\/vn\/ve-chung-toi-2\/","og_site_name":"C\u1ed9ng \u0111\u1ed3ng SaigonBiz","article_publisher":"https:\/\/www.facebook.com\/SaigonbizGroup","article_modified_time":"2026-03-13T01:04:47+00:00","twitter_card":"summary_large_image","twitter_misc":{"\u01af\u1edbc t\u00ednh th\u1eddi gian \u0111\u1ecdc":"1 ph\u00fat"},"schema":{"@context":"https:\/\/schema.org","@graph":[{"@type":"WebPage","@id":"https:\/\/saigonbiz.com\/vn\/ve-chung-toi-2\/","url":"https:\/\/saigonbiz.com\/vn\/ve-chung-toi-2\/","name":"V\u1ec1 ch\u00fang t\u00f4i - C\u1ed9ng \u0111\u1ed3ng SaigonBiz","isPartOf":{"@id":"https:\/\/saigonbiz.com\/vn\/#website"},"primaryImageOfPage":{"@id":"https:\/\/saigonbiz.com\/vn\/ve-chung-toi-2\/#primaryimage"},"image":{"@id":"https:\/\/saigonbiz.com\/vn\/ve-chung-toi-2\/#primaryimage"},"thumbnailUrl":"https:\/\/saigonbiz.com\/vn\/wp-content\/uploads\/2026\/04\/saigonbiz-media-kit-4.jpg","datePublished":"2025-11-28T06:45:49+00:00","dateModified":"2026-03-13T01:04:47+00:00","breadcrumb":{"@id":"https:\/\/saigonbiz.com\/vn\/ve-chung-toi-2\/#breadcrumb"},"inLanguage":"vi","potentialAction":[{"@type":"ReadAction","target":["https:\/\/saigonbiz.com\/vn\/ve-chung-toi-2\/"]}]},{"@type":"ImageObject","inLanguage":"vi","@id":"https:\/\/saigonbiz.com\/vn\/ve-chung-toi-2\/#primaryimage","url":"https:\/\/saigonbiz.com\/vn\/wp-content\/uploads\/2026\/04\/saigonbiz-media-kit-4.jpg","contentUrl":"https:\/\/saigonbiz.com\/vn\/wp-content\/uploads\/2026\/04\/saigonbiz-media-kit-4.jpg","width":1075,"height":716},{"@type":"BreadcrumbList","@id":"https:\/\/saigonbiz.com\/vn\/ve-chung-toi-2\/#breadcrumb","itemListElement":[{"@type":"ListItem","position":1,"name":"Trang ch\u1ee7","item":"https:\/\/saigonbiz.com\/vn\/"},{"@type":"ListItem","position":2,"name":"V\u1ec1 ch\u00fang t\u00f4i"}]},{"@type":"WebSite","@id":"https:\/\/saigonbiz.com\/vn\/#website","url":"https:\/\/saigonbiz.com\/vn\/","name":"C\u1ed9ng \u0111\u1ed3ng SaigonBiz","description":"","publisher":{"@id":"https:\/\/saigonbiz.com\/vn\/#organization"},"potentialAction":[{"@type":"SearchAction","target":{"@type":"EntryPoint","urlTemplate":"https:\/\/saigonbiz.com\/vn\/?s={search_term_string}"},"query-input":{"@type":"PropertyValueSpecification","valueRequired":true,"valueName":"search_term_string"}}],"inLanguage":"vi"},{"@type":"Organization","@id":"https:\/\/saigonbiz.com\/vn\/#organization","name":"C\u1ed9ng \u0111\u1ed3ng SaigonBiz","url":"https:\/\/saigonbiz.com\/vn\/","logo":{"@type":"ImageObject","inLanguage":"vi","@id":"https:\/\/saigonbiz.com\/vn\/#\/schema\/logo\/image\/","url":"https:\/\/saigonbiz.com\/vn\/wp-content\/uploads\/2025\/11\/cropped-c2adea16-1c71-4315-8801-803a8d237e2a_removalai_preview.png","contentUrl":"https:\/\/saigonbiz.com\/vn\/wp-content\/uploads\/2025\/11\/cropped-c2adea16-1c71-4315-8801-803a8d237e2a_removalai_preview.png","width":512,"height":512,"caption":"C\u1ed9ng \u0111\u1ed3ng SaigonBiz"},"image":{"@id":"https:\/\/saigonbiz.com\/vn\/#\/schema\/logo\/image\/"},"sameAs":["https:\/\/www.facebook.com\/SaigonbizGroup"]}]}},"_links":{"self":[{"href":"https:\/\/saigonbiz.com\/vn\/wp-json\/wp\/v2\/pages\/44254","targetHints":{"allow":["GET"]}}],"collection":[{"href":"https:\/\/saigonbiz.com\/vn\/wp-json\/wp\/v2\/pages"}],"about":[{"href":"https:\/\/saigonbiz.com\/vn\/wp-json\/wp\/v2\/types\/page"}],"author":[{"embeddable":true,"href":"https:\/\/saigonbiz.com\/vn\/wp-json\/wp\/v2\/users\/3918"}],"replies":[{"embeddable":true,"href":"https:\/\/saigonbiz.com\/vn\/wp-json\/wp\/v2\/comments?post=44254"}],"version-history":[{"count":13,"href":"https:\/\/saigonbiz.com\/vn\/wp-json\/wp\/v2\/pages\/44254\/revisions"}],"predecessor-version":[{"id":46557,"href":"https:\/\/saigonbiz.com\/vn\/wp-json\/wp\/v2\/pages\/44254\/revisions\/46557"}],"wp:featuredmedia":[{"embeddable":true,"href":"https:\/\/saigonbiz.com\/vn\/wp-json\/wp\/v2\/media\/47255"}],"wp:attachment":[{"href":"https:\/\/saigonbiz.com\/vn\/wp-json\/wp\/v2\/media?parent=44254"}],"curies":[{"name":"wp","href":"https:\/\/api.w.org\/{rel}","templated":true}]}}