{"id":43869,"date":"2025-11-22T05:13:23","date_gmt":"2025-11-21T22:13:23","guid":{"rendered":"https:\/\/gold-goldfish-793085.hostingersite.com\/forgot\/"},"modified":"2025-11-22T05:13:23","modified_gmt":"2025-11-21T22:13:23","slug":"forgot","status":"publish","type":"page","link":"https:\/\/saigonbiz.com\/vn\/forgot\/","title":{"rendered":"Forgot Password?"},"content":{"rendered":"<div class=\"uwp-forgot-class bsui sdel-dcccbc9f\" ><div class=\"uwp_widgets uwp_widget_forgot\"><div class=\"uwp_page\">\t<div class=\"row\">\n\t\t<div class=\"card mx-auto container-fluid p-0 border-0\" >\n\t\t\t\t\t\t<div class=\"card-body\">\n\t\t\t\t<h3 class=\"card-title text-center mb-4\">Forgot Password?<\/h3>\n\t\t\t\t\n\t\t\t\t<form class=\"uwp-forgot-form uwp_form\" method=\"post\">\n\n\t\t\t\t\t<div data-argument=\"email\" class=\"mb-3\" ><label for=\"email\" class=\"visually-hidden form-label\">Email <span class=\"text-danger\">*<\/span><\/label><input type=\"email\"  name=\"email\"  id=\"email\"  placeholder=\"Email *\"  title=\"Email\"  required  class=\"form-control \" ><\/div><input type=\"hidden\" name=\"uwp_forgot_nonce\" value=\"a0709f6600\" \/><button type=\"submit\"  name=\"uwp_forgot_submit\"  class=\"btn btn-primary w-100 text-uppercase uwp_forgot_submit\"  >Submit<\/button>\n\n\t\t\t\t\t<div class=\"uwp-footer-links\">\n\t\t\t\t\t\t<div class=\"uwp-footer-link float-start\">\n\t\t\t\t\t\t\t<a href=\"https:\/\/saigonbiz.com\/vn\/login-3\/\" class=\"d-block text-center mt-2 small uwp-login-link\"  rel=\"nofollow\"  >Login<\/a>\n\t\t\t\t\t\t<\/div>\n\t\t\t\t\t\t<div class=\"uwp-footer-link float-end\">\n\t\t\t\t\t\t\t<a href=\"https:\/\/saigonbiz.com\/vn\/register-2\/\" class=\"d-block text-center mt-2 small uwp-register-link\"  rel=\"nofollow\"  >\u0110\u0103ng k\u00fd<\/a>\n\t\t\t\t\t\t<\/div>\n\t\t\t\t\t<\/div>\n\n\t\t\t\t<\/form>\n\n\t\t\t<\/div>\n\t\t<\/div>\n\t<\/div>\n<\/div><\/div><\/div>\n","protected":false},"excerpt":{"rendered":"","protected":false},"author":5,"featured_media":47255,"parent":0,"menu_order":0,"comment_status":"closed","ping_status":"closed","template":"","meta":{"om_disable_all_campaigns":false,"_monsterinsights_skip_tracking":false,"_monsterinsights_sitenote_active":false,"_monsterinsights_sitenote_note":"","_monsterinsights_sitenote_category":0,"footnotes":""},"class_list":["post-43869","page","type-page","status-publish","has-post-thumbnail","hentry"],"aioseo_notices":[],"yoast_head":"<!-- This site is optimized with the Yoast SEO Premium plugin v21.6 (Yoast SEO v27.2) - https:\/\/yoast.com\/product\/yoast-seo-premium-wordpress\/ -->\n<title>Forgot Password? - C\u1ed9ng \u0111\u1ed3ng SaigonBiz<\/title>\n<meta name=\"robots\" content=\"index, follow, max-snippet:-1, max-image-preview:large, max-video-preview:-1\" \/>\n<link rel=\"canonical\" href=\"https:\/\/saigonbiz.com\/vn\/forgot\/\" \/>\n<meta property=\"og:locale\" content=\"vi_VN\" \/>\n<meta property=\"og:type\" content=\"article\" \/>\n<meta property=\"og:title\" content=\"Forgot Password?\" \/>\n<meta property=\"og:url\" content=\"https:\/\/saigonbiz.com\/vn\/forgot\/\" \/>\n<meta property=\"og:site_name\" content=\"C\u1ed9ng \u0111\u1ed3ng SaigonBiz\" \/>\n<meta property=\"article:publisher\" content=\"https:\/\/www.facebook.com\/SaigonbizGroup\" \/>\n<meta name=\"twitter:card\" content=\"summary_large_image\" \/>\n<script type=\"application\/ld+json\" class=\"yoast-schema-graph\">{\"@context\":\"https:\/\/schema.org\",\"@graph\":[{\"@type\":\"WebPage\",\"@id\":\"https:\/\/saigonbiz.com\/vn\/forgot\/\",\"url\":\"https:\/\/saigonbiz.com\/vn\/forgot\/\",\"name\":\"Forgot Password? - C\u1ed9ng \u0111\u1ed3ng SaigonBiz\",\"isPartOf\":{\"@id\":\"https:\/\/saigonbiz.com\/vn\/#website\"},\"primaryImageOfPage\":{\"@id\":\"https:\/\/saigonbiz.com\/vn\/forgot\/#primaryimage\"},\"image\":{\"@id\":\"https:\/\/saigonbiz.com\/vn\/forgot\/#primaryimage\"},\"thumbnailUrl\":\"https:\/\/saigonbiz.com\/vn\/wp-content\/uploads\/2026\/04\/saigonbiz-media-kit-4.jpg\",\"datePublished\":\"2025-11-21T22:13:23+00:00\",\"breadcrumb\":{\"@id\":\"https:\/\/saigonbiz.com\/vn\/forgot\/#breadcrumb\"},\"inLanguage\":\"vi\",\"potentialAction\":[{\"@type\":\"ReadAction\",\"target\":[\"https:\/\/saigonbiz.com\/vn\/forgot\/\"]}]},{\"@type\":\"ImageObject\",\"inLanguage\":\"vi\",\"@id\":\"https:\/\/saigonbiz.com\/vn\/forgot\/#primaryimage\",\"url\":\"https:\/\/saigonbiz.com\/vn\/wp-content\/uploads\/2026\/04\/saigonbiz-media-kit-4.jpg\",\"contentUrl\":\"https:\/\/saigonbiz.com\/vn\/wp-content\/uploads\/2026\/04\/saigonbiz-media-kit-4.jpg\",\"width\":1075,\"height\":716},{\"@type\":\"BreadcrumbList\",\"@id\":\"https:\/\/saigonbiz.com\/vn\/forgot\/#breadcrumb\",\"itemListElement\":[{\"@type\":\"ListItem\",\"position\":1,\"name\":\"Trang ch\u1ee7\",\"item\":\"https:\/\/saigonbiz.com\/vn\/\"},{\"@type\":\"ListItem\",\"position\":2,\"name\":\"Forgot Password?\"}]},{\"@type\":\"WebSite\",\"@id\":\"https:\/\/saigonbiz.com\/vn\/#website\",\"url\":\"https:\/\/saigonbiz.com\/vn\/\",\"name\":\"C\u1ed9ng \u0111\u1ed3ng SaigonBiz\",\"description\":\"\",\"publisher\":{\"@id\":\"https:\/\/saigonbiz.com\/vn\/#organization\"},\"potentialAction\":[{\"@type\":\"SearchAction\",\"target\":{\"@type\":\"EntryPoint\",\"urlTemplate\":\"https:\/\/saigonbiz.com\/vn\/?s={search_term_string}\"},\"query-input\":{\"@type\":\"PropertyValueSpecification\",\"valueRequired\":true,\"valueName\":\"search_term_string\"}}],\"inLanguage\":\"vi\"},{\"@type\":\"Organization\",\"@id\":\"https:\/\/saigonbiz.com\/vn\/#organization\",\"name\":\"C\u1ed9ng \u0111\u1ed3ng SaigonBiz\",\"url\":\"https:\/\/saigonbiz.com\/vn\/\",\"logo\":{\"@type\":\"ImageObject\",\"inLanguage\":\"vi\",\"@id\":\"https:\/\/saigonbiz.com\/vn\/#\/schema\/logo\/image\/\",\"url\":\"https:\/\/saigonbiz.com\/vn\/wp-content\/uploads\/2025\/11\/cropped-c2adea16-1c71-4315-8801-803a8d237e2a_removalai_preview.png\",\"contentUrl\":\"https:\/\/saigonbiz.com\/vn\/wp-content\/uploads\/2025\/11\/cropped-c2adea16-1c71-4315-8801-803a8d237e2a_removalai_preview.png\",\"width\":512,\"height\":512,\"caption\":\"C\u1ed9ng \u0111\u1ed3ng SaigonBiz\"},\"image\":{\"@id\":\"https:\/\/saigonbiz.com\/vn\/#\/schema\/logo\/image\/\"},\"sameAs\":[\"https:\/\/www.facebook.com\/SaigonbizGroup\"]}]}<\/script>\n<!-- \/ Yoast SEO Premium plugin. -->","yoast_head_json":{"title":"Forgot Password? - C\u1ed9ng \u0111\u1ed3ng SaigonBiz","robots":{"index":"index","follow":"follow","max-snippet":"max-snippet:-1","max-image-preview":"max-image-preview:large","max-video-preview":"max-video-preview:-1"},"canonical":"https:\/\/saigonbiz.com\/vn\/forgot\/","og_locale":"vi_VN","og_type":"article","og_title":"Forgot Password?","og_url":"https:\/\/saigonbiz.com\/vn\/forgot\/","og_site_name":"C\u1ed9ng \u0111\u1ed3ng SaigonBiz","article_publisher":"https:\/\/www.facebook.com\/SaigonbizGroup","twitter_card":"summary_large_image","schema":{"@context":"https:\/\/schema.org","@graph":[{"@type":"WebPage","@id":"https:\/\/saigonbiz.com\/vn\/forgot\/","url":"https:\/\/saigonbiz.com\/vn\/forgot\/","name":"Forgot Password? - C\u1ed9ng \u0111\u1ed3ng SaigonBiz","isPartOf":{"@id":"https:\/\/saigonbiz.com\/vn\/#website"},"primaryImageOfPage":{"@id":"https:\/\/saigonbiz.com\/vn\/forgot\/#primaryimage"},"image":{"@id":"https:\/\/saigonbiz.com\/vn\/forgot\/#primaryimage"},"thumbnailUrl":"https:\/\/saigonbiz.com\/vn\/wp-content\/uploads\/2026\/04\/saigonbiz-media-kit-4.jpg","datePublished":"2025-11-21T22:13:23+00:00","breadcrumb":{"@id":"https:\/\/saigonbiz.com\/vn\/forgot\/#breadcrumb"},"inLanguage":"vi","potentialAction":[{"@type":"ReadAction","target":["https:\/\/saigonbiz.com\/vn\/forgot\/"]}]},{"@type":"ImageObject","inLanguage":"vi","@id":"https:\/\/saigonbiz.com\/vn\/forgot\/#primaryimage","url":"https:\/\/saigonbiz.com\/vn\/wp-content\/uploads\/2026\/04\/saigonbiz-media-kit-4.jpg","contentUrl":"https:\/\/saigonbiz.com\/vn\/wp-content\/uploads\/2026\/04\/saigonbiz-media-kit-4.jpg","width":1075,"height":716},{"@type":"BreadcrumbList","@id":"https:\/\/saigonbiz.com\/vn\/forgot\/#breadcrumb","itemListElement":[{"@type":"ListItem","position":1,"name":"Trang ch\u1ee7","item":"https:\/\/saigonbiz.com\/vn\/"},{"@type":"ListItem","position":2,"name":"Forgot Password?"}]},{"@type":"WebSite","@id":"https:\/\/saigonbiz.com\/vn\/#website","url":"https:\/\/saigonbiz.com\/vn\/","name":"C\u1ed9ng \u0111\u1ed3ng SaigonBiz","description":"","publisher":{"@id":"https:\/\/saigonbiz.com\/vn\/#organization"},"potentialAction":[{"@type":"SearchAction","target":{"@type":"EntryPoint","urlTemplate":"https:\/\/saigonbiz.com\/vn\/?s={search_term_string}"},"query-input":{"@type":"PropertyValueSpecification","valueRequired":true,"valueName":"search_term_string"}}],"inLanguage":"vi"},{"@type":"Organization","@id":"https:\/\/saigonbiz.com\/vn\/#organization","name":"C\u1ed9ng \u0111\u1ed3ng SaigonBiz","url":"https:\/\/saigonbiz.com\/vn\/","logo":{"@type":"ImageObject","inLanguage":"vi","@id":"https:\/\/saigonbiz.com\/vn\/#\/schema\/logo\/image\/","url":"https:\/\/saigonbiz.com\/vn\/wp-content\/uploads\/2025\/11\/cropped-c2adea16-1c71-4315-8801-803a8d237e2a_removalai_preview.png","contentUrl":"https:\/\/saigonbiz.com\/vn\/wp-content\/uploads\/2025\/11\/cropped-c2adea16-1c71-4315-8801-803a8d237e2a_removalai_preview.png","width":512,"height":512,"caption":"C\u1ed9ng \u0111\u1ed3ng SaigonBiz"},"image":{"@id":"https:\/\/saigonbiz.com\/vn\/#\/schema\/logo\/image\/"},"sameAs":["https:\/\/www.facebook.com\/SaigonbizGroup"]}]}},"_links":{"self":[{"href":"https:\/\/saigonbiz.com\/vn\/wp-json\/wp\/v2\/pages\/43869","targetHints":{"allow":["GET"]}}],"collection":[{"href":"https:\/\/saigonbiz.com\/vn\/wp-json\/wp\/v2\/pages"}],"about":[{"href":"https:\/\/saigonbiz.com\/vn\/wp-json\/wp\/v2\/types\/page"}],"author":[{"embeddable":true,"href":"https:\/\/saigonbiz.com\/vn\/wp-json\/wp\/v2\/users\/5"}],"replies":[{"embeddable":true,"href":"https:\/\/saigonbiz.com\/vn\/wp-json\/wp\/v2\/comments?post=43869"}],"version-history":[{"count":0,"href":"https:\/\/saigonbiz.com\/vn\/wp-json\/wp\/v2\/pages\/43869\/revisions"}],"wp:featuredmedia":[{"embeddable":true,"href":"https:\/\/saigonbiz.com\/vn\/wp-json\/wp\/v2\/media\/47255"}],"wp:attachment":[{"href":"https:\/\/saigonbiz.com\/vn\/wp-json\/wp\/v2\/media?parent=43869"}],"curies":[{"name":"wp","href":"https:\/\/api.w.org\/{rel}","templated":true}]}}