{"id":43867,"date":"2025-11-22T05:13:23","date_gmt":"2025-11-21T22:13:23","guid":{"rendered":"https:\/\/gold-goldfish-793085.hostingersite.com\/login-3\/"},"modified":"2025-11-22T05:13:23","modified_gmt":"2025-11-21T22:13:23","slug":"login-3","status":"publish","type":"page","link":"https:\/\/saigonbiz.com\/vn\/login-3\/","title":{"rendered":"Login"},"content":{"rendered":"<div class=\"uwp-login-class bsui sdel-dc2db578\" ><div class=\"uwp_page\"><div class=\"row\">\n\t<div class=\"card mx-auto container-fluid p-0 border-0\" >\n\t\t\t\t\t<div class=\"card-body\">\n\t\t\t\t<h3 class=\"card-title text-center mb-4\">Login<\/h3>\t\t\t\t<form class=\"uwp-login-form uwp_form\" method=\"post\">\n\n\t\t\t\t\t<div data-argument=\"username\" class=\"mb-3\" ><label for=\"username\" class=\"visually-hidden form-label\">Username or Email <span class=\"text-danger\">*<\/span><\/label><input type=\"text\"  name=\"username\"  id=\"username\"  placeholder=\"Username or Email *\"  title=\"Username or Email\"  required  class=\"form-control \" ><\/div><div data-argument=\"password\" class=\"mb-3 uwp-password-wrap\" ><label for=\"password\" class=\"visually-hidden form-label\">Password <span class=\"text-danger\">*<\/span><\/label><div class=\"input-group\" ><input type=\"password\"  name=\"password\"  id=\"password\"  placeholder=\"Password *\"  title=\"Password\"  required  class=\"form-control \" ><span class=\"input-group-text top-0 end-0 c-pointer px-3\" \nonclick=\"var $el = jQuery(this).find('i');$el.toggleClass('fa-eye fa-eye-slash');\nvar $eli = jQuery(this).parent().parent().find('input');\nif($el.hasClass('fa-eye'))\n{$eli.attr('type','text');}\nelse{$eli.attr('type','password');}\"\n><i class=\"far fa-fw fa-width-fixed fa-eye-slash\"><\/i><\/span><\/div><\/div><input type=\"hidden\" name=\"uwp_login_nonce\" value=\"7e2f66e8d7\" \/>\n\t\t\t\t\t<div class=\"uwp-remember-me custom-checkbox mb-3\">\n                        <div data-argument=\"remember_me\" class=\"mb-3\" ><div class=\"form-check\" ><input type=\"hidden\" name=\"remember_me\" value=\"0\" \/><input type=\"checkbox\"  name=\"remember_me\"  id=\"remember_me\"  value=\"forever\"  class=\"form-check-input c-pointer\" ><label for=\"remember_me\" class=\"form-check-label form-label\">Remember Me<\/label><\/div><\/div>\t\t\t\t\t<\/div>\n\n\t\t\t\t\t<button type=\"submit\"  name=\"uwp_login_submit\"  class=\"btn btn-primary w-100 text-uppercase uwp_login_submit\"  >Login<\/button>\n\n\t\t\t\t<\/form>\n\n                <div class=\"uwp-footer-links\">\n                    <div class=\"uwp-footer-link d-inline-block\">\n\t\t\t\t\t\t<a href=\"https:\/\/saigonbiz.com\/vn\/register-2\/\" class=\"d-block text-center mt-2 small uwp-register-link\"  rel=\"nofollow\"  >\u0110\u0103ng k\u00fd<\/a>\n                    <\/div>\n                    <div class=\"uwp-footer-link float-end\">\n\t\t\t\t\t\t<a href=\"https:\/\/saigonbiz.com\/vn\/forgot\/\" class=\"d-block text-center mt-2 small uwp-forgot-password-link\"  rel=\"nofollow\"  >Qu\u00ean m\u1eadt kh\u1ea9u?<\/a>\n                    <\/div>\n                <\/div>\n\n                <div class=\"mb-3 text-center mb-0 p-0\">\n\t\t\t\t\t                <\/div>\n\n\t\t\t<\/div>\n\t<\/div>\n<\/div>\n<\/div><\/div>\n","protected":false},"excerpt":{"rendered":"","protected":false},"author":5,"featured_media":47255,"parent":0,"menu_order":0,"comment_status":"closed","ping_status":"closed","template":"","meta":{"om_disable_all_campaigns":false,"_monsterinsights_skip_tracking":false,"_monsterinsights_sitenote_active":false,"_monsterinsights_sitenote_note":"","_monsterinsights_sitenote_category":0,"footnotes":""},"class_list":["post-43867","page","type-page","status-publish","has-post-thumbnail","hentry"],"aioseo_notices":[],"yoast_head":"<!-- This site is optimized with the Yoast SEO Premium plugin v21.6 (Yoast SEO v27.2) - https:\/\/yoast.com\/product\/yoast-seo-premium-wordpress\/ -->\n<title>Login - C\u1ed9ng \u0111\u1ed3ng SaigonBiz<\/title>\n<meta name=\"robots\" content=\"index, follow, max-snippet:-1, max-image-preview:large, max-video-preview:-1\" \/>\n<link rel=\"canonical\" href=\"https:\/\/saigonbiz.com\/vn\/login-3\/\" \/>\n<meta property=\"og:locale\" content=\"vi_VN\" \/>\n<meta property=\"og:type\" content=\"article\" \/>\n<meta property=\"og:title\" content=\"Login\" \/>\n<meta property=\"og:url\" content=\"https:\/\/saigonbiz.com\/vn\/login-3\/\" \/>\n<meta property=\"og:site_name\" content=\"C\u1ed9ng \u0111\u1ed3ng SaigonBiz\" \/>\n<meta property=\"article:publisher\" content=\"https:\/\/www.facebook.com\/SaigonbizGroup\" \/>\n<meta name=\"twitter:card\" content=\"summary_large_image\" \/>\n<script type=\"application\/ld+json\" class=\"yoast-schema-graph\">{\"@context\":\"https:\/\/schema.org\",\"@graph\":[{\"@type\":\"WebPage\",\"@id\":\"https:\/\/saigonbiz.com\/vn\/login-3\/\",\"url\":\"https:\/\/saigonbiz.com\/vn\/login-3\/\",\"name\":\"Login - C\u1ed9ng \u0111\u1ed3ng SaigonBiz\",\"isPartOf\":{\"@id\":\"https:\/\/saigonbiz.com\/vn\/#website\"},\"primaryImageOfPage\":{\"@id\":\"https:\/\/saigonbiz.com\/vn\/login-3\/#primaryimage\"},\"image\":{\"@id\":\"https:\/\/saigonbiz.com\/vn\/login-3\/#primaryimage\"},\"thumbnailUrl\":\"https:\/\/saigonbiz.com\/vn\/wp-content\/uploads\/2026\/04\/saigonbiz-media-kit-4.jpg\",\"datePublished\":\"2025-11-21T22:13:23+00:00\",\"breadcrumb\":{\"@id\":\"https:\/\/saigonbiz.com\/vn\/login-3\/#breadcrumb\"},\"inLanguage\":\"vi\",\"potentialAction\":[{\"@type\":\"ReadAction\",\"target\":[\"https:\/\/saigonbiz.com\/vn\/login-3\/\"]}]},{\"@type\":\"ImageObject\",\"inLanguage\":\"vi\",\"@id\":\"https:\/\/saigonbiz.com\/vn\/login-3\/#primaryimage\",\"url\":\"https:\/\/saigonbiz.com\/vn\/wp-content\/uploads\/2026\/04\/saigonbiz-media-kit-4.jpg\",\"contentUrl\":\"https:\/\/saigonbiz.com\/vn\/wp-content\/uploads\/2026\/04\/saigonbiz-media-kit-4.jpg\",\"width\":1075,\"height\":716},{\"@type\":\"BreadcrumbList\",\"@id\":\"https:\/\/saigonbiz.com\/vn\/login-3\/#breadcrumb\",\"itemListElement\":[{\"@type\":\"ListItem\",\"position\":1,\"name\":\"Trang ch\u1ee7\",\"item\":\"https:\/\/saigonbiz.com\/vn\/\"},{\"@type\":\"ListItem\",\"position\":2,\"name\":\"Login\"}]},{\"@type\":\"WebSite\",\"@id\":\"https:\/\/saigonbiz.com\/vn\/#website\",\"url\":\"https:\/\/saigonbiz.com\/vn\/\",\"name\":\"C\u1ed9ng \u0111\u1ed3ng SaigonBiz\",\"description\":\"\",\"publisher\":{\"@id\":\"https:\/\/saigonbiz.com\/vn\/#organization\"},\"potentialAction\":[{\"@type\":\"SearchAction\",\"target\":{\"@type\":\"EntryPoint\",\"urlTemplate\":\"https:\/\/saigonbiz.com\/vn\/?s={search_term_string}\"},\"query-input\":{\"@type\":\"PropertyValueSpecification\",\"valueRequired\":true,\"valueName\":\"search_term_string\"}}],\"inLanguage\":\"vi\"},{\"@type\":\"Organization\",\"@id\":\"https:\/\/saigonbiz.com\/vn\/#organization\",\"name\":\"C\u1ed9ng \u0111\u1ed3ng SaigonBiz\",\"url\":\"https:\/\/saigonbiz.com\/vn\/\",\"logo\":{\"@type\":\"ImageObject\",\"inLanguage\":\"vi\",\"@id\":\"https:\/\/saigonbiz.com\/vn\/#\/schema\/logo\/image\/\",\"url\":\"https:\/\/saigonbiz.com\/vn\/wp-content\/uploads\/2025\/11\/cropped-c2adea16-1c71-4315-8801-803a8d237e2a_removalai_preview.png\",\"contentUrl\":\"https:\/\/saigonbiz.com\/vn\/wp-content\/uploads\/2025\/11\/cropped-c2adea16-1c71-4315-8801-803a8d237e2a_removalai_preview.png\",\"width\":512,\"height\":512,\"caption\":\"C\u1ed9ng \u0111\u1ed3ng SaigonBiz\"},\"image\":{\"@id\":\"https:\/\/saigonbiz.com\/vn\/#\/schema\/logo\/image\/\"},\"sameAs\":[\"https:\/\/www.facebook.com\/SaigonbizGroup\"]}]}<\/script>\n<!-- \/ Yoast SEO Premium plugin. -->","yoast_head_json":{"title":"Login - C\u1ed9ng \u0111\u1ed3ng SaigonBiz","robots":{"index":"index","follow":"follow","max-snippet":"max-snippet:-1","max-image-preview":"max-image-preview:large","max-video-preview":"max-video-preview:-1"},"canonical":"https:\/\/saigonbiz.com\/vn\/login-3\/","og_locale":"vi_VN","og_type":"article","og_title":"Login","og_url":"https:\/\/saigonbiz.com\/vn\/login-3\/","og_site_name":"C\u1ed9ng \u0111\u1ed3ng SaigonBiz","article_publisher":"https:\/\/www.facebook.com\/SaigonbizGroup","twitter_card":"summary_large_image","schema":{"@context":"https:\/\/schema.org","@graph":[{"@type":"WebPage","@id":"https:\/\/saigonbiz.com\/vn\/login-3\/","url":"https:\/\/saigonbiz.com\/vn\/login-3\/","name":"Login - C\u1ed9ng \u0111\u1ed3ng SaigonBiz","isPartOf":{"@id":"https:\/\/saigonbiz.com\/vn\/#website"},"primaryImageOfPage":{"@id":"https:\/\/saigonbiz.com\/vn\/login-3\/#primaryimage"},"image":{"@id":"https:\/\/saigonbiz.com\/vn\/login-3\/#primaryimage"},"thumbnailUrl":"https:\/\/saigonbiz.com\/vn\/wp-content\/uploads\/2026\/04\/saigonbiz-media-kit-4.jpg","datePublished":"2025-11-21T22:13:23+00:00","breadcrumb":{"@id":"https:\/\/saigonbiz.com\/vn\/login-3\/#breadcrumb"},"inLanguage":"vi","potentialAction":[{"@type":"ReadAction","target":["https:\/\/saigonbiz.com\/vn\/login-3\/"]}]},{"@type":"ImageObject","inLanguage":"vi","@id":"https:\/\/saigonbiz.com\/vn\/login-3\/#primaryimage","url":"https:\/\/saigonbiz.com\/vn\/wp-content\/uploads\/2026\/04\/saigonbiz-media-kit-4.jpg","contentUrl":"https:\/\/saigonbiz.com\/vn\/wp-content\/uploads\/2026\/04\/saigonbiz-media-kit-4.jpg","width":1075,"height":716},{"@type":"BreadcrumbList","@id":"https:\/\/saigonbiz.com\/vn\/login-3\/#breadcrumb","itemListElement":[{"@type":"ListItem","position":1,"name":"Trang ch\u1ee7","item":"https:\/\/saigonbiz.com\/vn\/"},{"@type":"ListItem","position":2,"name":"Login"}]},{"@type":"WebSite","@id":"https:\/\/saigonbiz.com\/vn\/#website","url":"https:\/\/saigonbiz.com\/vn\/","name":"C\u1ed9ng \u0111\u1ed3ng SaigonBiz","description":"","publisher":{"@id":"https:\/\/saigonbiz.com\/vn\/#organization"},"potentialAction":[{"@type":"SearchAction","target":{"@type":"EntryPoint","urlTemplate":"https:\/\/saigonbiz.com\/vn\/?s={search_term_string}"},"query-input":{"@type":"PropertyValueSpecification","valueRequired":true,"valueName":"search_term_string"}}],"inLanguage":"vi"},{"@type":"Organization","@id":"https:\/\/saigonbiz.com\/vn\/#organization","name":"C\u1ed9ng \u0111\u1ed3ng SaigonBiz","url":"https:\/\/saigonbiz.com\/vn\/","logo":{"@type":"ImageObject","inLanguage":"vi","@id":"https:\/\/saigonbiz.com\/vn\/#\/schema\/logo\/image\/","url":"https:\/\/saigonbiz.com\/vn\/wp-content\/uploads\/2025\/11\/cropped-c2adea16-1c71-4315-8801-803a8d237e2a_removalai_preview.png","contentUrl":"https:\/\/saigonbiz.com\/vn\/wp-content\/uploads\/2025\/11\/cropped-c2adea16-1c71-4315-8801-803a8d237e2a_removalai_preview.png","width":512,"height":512,"caption":"C\u1ed9ng \u0111\u1ed3ng SaigonBiz"},"image":{"@id":"https:\/\/saigonbiz.com\/vn\/#\/schema\/logo\/image\/"},"sameAs":["https:\/\/www.facebook.com\/SaigonbizGroup"]}]}},"_links":{"self":[{"href":"https:\/\/saigonbiz.com\/vn\/wp-json\/wp\/v2\/pages\/43867","targetHints":{"allow":["GET"]}}],"collection":[{"href":"https:\/\/saigonbiz.com\/vn\/wp-json\/wp\/v2\/pages"}],"about":[{"href":"https:\/\/saigonbiz.com\/vn\/wp-json\/wp\/v2\/types\/page"}],"author":[{"embeddable":true,"href":"https:\/\/saigonbiz.com\/vn\/wp-json\/wp\/v2\/users\/5"}],"replies":[{"embeddable":true,"href":"https:\/\/saigonbiz.com\/vn\/wp-json\/wp\/v2\/comments?post=43867"}],"version-history":[{"count":0,"href":"https:\/\/saigonbiz.com\/vn\/wp-json\/wp\/v2\/pages\/43867\/revisions"}],"wp:featuredmedia":[{"embeddable":true,"href":"https:\/\/saigonbiz.com\/vn\/wp-json\/wp\/v2\/media\/47255"}],"wp:attachment":[{"href":"https:\/\/saigonbiz.com\/vn\/wp-json\/wp\/v2\/media?parent=43867"}],"curies":[{"name":"wp","href":"https:\/\/api.w.org\/{rel}","templated":true}]}}